{"id":126,"date":"2016-04-06T22:51:54","date_gmt":"2016-04-06T20:51:54","guid":{"rendered":"http:\/\/www.englisch-pur.de\/?page_id=126"},"modified":"2023-02-15T17:22:17","modified_gmt":"2023-02-15T16:22:17","slug":"preise","status":"publish","type":"page","link":"https:\/\/www.philipp-hayer.de\/englischpur\/?page_id=126","title":{"rendered":"Preise"},"content":{"rendered":"<p><span style=\"color: #008000;\"><strong>Allgemein<\/strong><\/span><\/p>\n<ul>\n<li>Eine regul\u00e4re Unterrichtsstunde dauert 45 Minuten.<\/li>\n<li>Sie k\u00f6nnen individuell auch andere Zeiten buchen (z.B. 60 oder 90 Minuten). Der Preis erh\u00f6ht sich im selben Verh\u00e4ltnis.<\/li>\n<li>Die Dauer des Kurses oder der Nachhilfe richtet sich nach Ihren W\u00fcnschen und Bed\u00fcrfnissen. Termine k\u00f6nnen flexibel vereinbart werden.<\/li>\n<\/ul>\n<p><strong><span style=\"color: #008000;\">Preisverzeichnis<\/span><\/strong><\/p>\n<table>\n<tbody>\n<tr>\n<td><strong>Leistung<\/strong><\/td>\n<td><strong>Preis<br \/>\n<\/strong><\/td>\n<\/tr>\n<tr>\n<td>Einzelunterricht<br \/>\n<em>pro Unterrichtsstunde<\/em><\/td>\n<td>30 \u20ac<\/td>\n<\/tr>\n<tr>\n<td>Einzelunterricht<br \/>\n<em>feste Buchung von mind. 10 Unterrichtsstunden pro Stunde<br \/>\n<\/em><\/td>\n<td>25 \u20ac<\/td>\n<\/tr>\n<tr>\n<td>Probestunde &#8211; Einzelunterricht<br \/>\n<em>f\u00fcr die erste Unterrichtsstunde<\/em><\/td>\n<td>25 \u20ac<\/td>\n<\/tr>\n<tr>\n<td>Nachhilfe f\u00fcr Sch\u00fcler und Studenten<br \/>\n<em>pro Unterrichtsstunde<\/em><\/td>\n<td>23 \u20ac<\/td>\n<\/tr>\n<tr>\n<td>Nachhilfe f\u00fcr Sch\u00fcler und Studenten<br \/>\n<em>feste Buchung von mind. 10 Unterrichtsstunden pro Stunde<br \/>\n<\/em><\/td>\n<td>20 \u20ac<\/td>\n<\/tr>\n<tr>\n<td>Probestunde Nachhilfe f\u00fcr Sch\u00fcler und Studenten<br \/>\n<em>f\u00fcr die erste Unterrichtsstunde<\/em><\/td>\n<td>20 \u20ac<\/td>\n<\/tr>\n<tr>\n<td>Gruppenunterricht (2 Personen)<br \/>\n<em>f\u00fcr 10 Unterrichtsstunden pro Person<br \/>\n<\/em><\/td>\n<td>155 \u20ac<\/td>\n<\/tr>\n<tr>\n<td>Gruppenunterricht (3 Personen)<br \/>\n<em>f\u00fcr 10 Unterrichtsstunden pro Person<br \/>\n<\/em><\/td>\n<td>110 \u20ac<\/td>\n<\/tr>\n<tr>\n<td>Gruppenunterricht (4 Personen und mehr)<br \/>\n<em>f\u00fcr 10 Unterrichtsstunden pro Person<br \/>\n<\/em><\/td>\n<td>auf Anfrage<\/td>\n<\/tr>\n<\/tbody>\n<\/table>\n<p style=\"text-align: justify;\">Die Preise verstehen sich exklusive von Fahrtkosten. Der Unterricht kann bei mir in Rohrbach stattfinden (Einzelunterricht und Gruppen bis zu vier Personen). Fahrtkosten richten sich nach den tats\u00e4chlich gefahrenen Kilometern (0,30 \u20ac pro km).<\/p>\n<p style=\"text-align: justify;\"><img loading=\"lazy\" decoding=\"async\" class=\"alignright wp-image-172\" src=\"http:\/\/www.philipp-hayer.de\/englischpur\/wp-content\/uploads\/2016\/04\/Logo-300x136.png\" alt=\"Logo\" width=\"150\" height=\"68\" srcset=\"https:\/\/www.philipp-hayer.de\/englischpur\/wp-content\/uploads\/2016\/04\/Logo-300x136.png 300w, https:\/\/www.philipp-hayer.de\/englischpur\/wp-content\/uploads\/2016\/04\/Logo.png 401w\" sizes=\"(max-width: 150px) 100vw, 150px\" \/>Gem\u00e4\u00df \u00a719 Abs. 1 Umsatzsteuergesetz (UStG) wird auf der Rechnung keine Umsatzsteuer ausgewiesen (Steuernummer: 154\/226\/30217)<\/p>\n","protected":false},"excerpt":{"rendered":"<p>Allgemein Eine regul\u00e4re Unterrichtsstunde dauert 45 Minuten. Sie k\u00f6nnen individuell auch andere Zeiten buchen (z.B. 60 oder 90 Minuten). Der Preis erh\u00f6ht sich im selben Verh\u00e4ltnis. Die Dauer des Kurses oder der Nachhilfe richtet sich nach Ihren W\u00fcnschen und Bed\u00fcrfnissen. &hellip; <a href=\"https:\/\/www.philipp-hayer.de\/englischpur\/?page_id=126\">Weiterlesen <span class=\"meta-nav\">&rarr;<\/span><\/a><\/p>\n","protected":false},"author":1,"featured_media":0,"parent":0,"menu_order":0,"comment_status":"closed","ping_status":"closed","template":"","meta":{"footnotes":""},"class_list":["post-126","page","type-page","status-publish","hentry"],"_links":{"self":[{"href":"https:\/\/www.philipp-hayer.de\/englischpur\/index.php?rest_route=\/wp\/v2\/pages\/126"}],"collection":[{"href":"https:\/\/www.philipp-hayer.de\/englischpur\/index.php?rest_route=\/wp\/v2\/pages"}],"about":[{"href":"https:\/\/www.philipp-hayer.de\/englischpur\/index.php?rest_route=\/wp\/v2\/types\/page"}],"author":[{"embeddable":true,"href":"https:\/\/www.philipp-hayer.de\/englischpur\/index.php?rest_route=\/wp\/v2\/users\/1"}],"replies":[{"embeddable":true,"href":"https:\/\/www.philipp-hayer.de\/englischpur\/index.php?rest_route=%2Fwp%2Fv2%2Fcomments&post=126"}],"version-history":[{"count":20,"href":"https:\/\/www.philipp-hayer.de\/englischpur\/index.php?rest_route=\/wp\/v2\/pages\/126\/revisions"}],"predecessor-version":[{"id":246,"href":"https:\/\/www.philipp-hayer.de\/englischpur\/index.php?rest_route=\/wp\/v2\/pages\/126\/revisions\/246"}],"wp:attachment":[{"href":"https:\/\/www.philipp-hayer.de\/englischpur\/index.php?rest_route=%2Fwp%2Fv2%2Fmedia&parent=126"}],"curies":[{"name":"wp","href":"https:\/\/api.w.org\/{rel}","templated":true}]}}