{"id":161,"date":"2016-04-09T12:01:55","date_gmt":"2016-04-09T10:01:55","guid":{"rendered":"http:\/\/www.englisch-pur.de\/?page_id=161"},"modified":"2020-05-26T15:50:27","modified_gmt":"2020-05-26T13:50:27","slug":"gruppen-und-einzelunterricht","status":"publish","type":"page","link":"https:\/\/www.philipp-hayer.de\/englischpur\/?page_id=161","title":{"rendered":"Unterricht"},"content":{"rendered":"<p><span style=\"color: #008000;\"><strong>Lehrbuch<\/strong><\/span><\/p>\n<p style=\"text-align: justify;\">Wenn Sie die englische Sprache strukturiert erlernen m\u00f6chten, bietet es sich an, nach einem Lehrbuch vorzugehen. In meinen Unterrichten verwende ich &#8222;Headway English&#8220; vom <a href=\"https:\/\/elt.oup.com\/?cc=de&amp;selLanguage=de\" target=\"_blank\" rel=\"noopener\">Verlag Oxford University Press<\/a>. Sie k\u00f6nnen mit dem Level A1 beginnen oder mit einem fortgeschrittenen Level ihre Kenntnisse festigen und vertiefen.<\/p>\n<p><span style=\"color: #008000;\"><strong>Englische Konversation<\/strong><\/span><\/p>\n<p style=\"text-align: justify;\">Englisch in der Theorie zu beherrschen ist das Eine. Texte lesen und selbst schreiben f\u00e4llt einem dann h\u00e4ufig leicht. Englisch sprechen und gesprochenes Englisch zu verstehen bereitet aber noch Probleme? Dann sind meine &#8222;Conversation Classes&#8220; das Richtige f\u00fcr Sie. Wir w\u00e4hlen gemeinsam Themen aus, die wir besprechen und diskutieren. Den Schwierigkeitsgrad passen wir Ihren F\u00e4higkeiten an. Ziel ist es Ihnen Sicherheit beim Sprechen zu geben, Ihren Wortschatz auszubauen und wenn n\u00f6tig Grammatikkenntnisse zu festigen.<\/p>\n<p><span style=\"color: #008000;\"><strong>Individuelle Kurse<\/strong><\/span><\/p>\n<p>Sie haben eine konkrete Aufgabe zu bew\u00e4ltigen f\u00fcr die Englisch erforderlich ist?\u00a0 Sie haben Nachholbedarf f\u00fcr bestimmte Grammatikinhalte? Sprechen Sie mich einfach an und wir legen den Inhalt des Kurses an Ihre Bed\u00fcrfnisse angepasst fest.<\/p>\n<p><span style=\"color: #008000;\"><strong>Einzelunterricht<\/strong><\/span><\/p>\n<p style=\"text-align: justify;\">Der Inhalt des Kurses und das Lerntempo sind vollst\u00e4ndig auf Sie zugeschnitten.<\/p>\n<p><span style=\"color: #008000;\"><strong>Einzelunterricht per Skype<\/strong><\/span><\/p>\n<p>Seit Beginn der Coronakrise biete ich auch Unterricht per Skype an. Was zun\u00e4chst nur als Notl\u00f6sung gedacht war, wurde von meinen Sch\u00fclern als \u00fcberaus positiv aufgenommen. Man sich Zeit f\u00fcr die eigene Anfahrt bzw. Fahrtkosten. Daher biete ich den Unterricht per Skype nun grunds\u00e4tzlich als Alternative zum pers\u00f6nlichen Unterricht an &#8211; allerdings beschr\u00e4nkt auf Einzelunterricht.<\/p>\n<p><span style=\"color: #008000;\"><strong>Gruppenunterricht<\/strong><\/span><\/p>\n<p style=\"text-align: justify;\">In der Gruppe macht das Lernen oft mehr Spa\u00df! Werfen Sie einen Blick auf meine <a href=\"http:\/\/www.englisch-pur.de\/?page_id=89\" target=\"_blank\" rel=\"noopener\">aktuellen VHS Kurse<\/a> oder vereinbaren Sie zusammen mit Freunden und Bekannten Gruppenunterricht. Unterricht mit bis zu vier Personen kann bei mir in Rohrbach stattfinden.<\/p>\n<p style=\"text-align: justify;\"><span style=\"color: #008000;\"><strong>Unterricht f\u00fcr Unternehmen<\/strong><\/span><\/p>\n<p style=\"text-align: justify;\">F\u00fcr Unternehmen, die Ihren Mitarbeitern sprachliche Weiterbildung erm\u00f6glichen wollen, kommen alle oben genannten Unterrichtsformen in Frage. <a href=\"http:\/\/www.englisch-pur.de\/?page_id=6\">Kontaktieren<\/a> Sie mich einfach um Details zu besprechen und ggf. ein individuelles Angebot zu vereinbaren.<\/p>\n<p style=\"text-align: justify;\"><span style=\"color: #2828b0;\"><strong><img loading=\"lazy\" decoding=\"async\" class=\"alignright wp-image-172\" src=\"http:\/\/www.philipp-hayer.de\/englischpur\/wp-content\/uploads\/2016\/04\/Logo-300x136.png\" alt=\"Logo\" width=\"150\" height=\"68\" srcset=\"https:\/\/www.philipp-hayer.de\/englischpur\/wp-content\/uploads\/2016\/04\/Logo-300x136.png 300w, https:\/\/www.philipp-hayer.de\/englischpur\/wp-content\/uploads\/2016\/04\/Logo.png 401w\" sizes=\"(max-width: 150px) 100vw, 150px\" \/><\/strong><\/span><span style=\"color: #008000;\"><strong>Preise<\/strong><\/span><\/p>\n<p style=\"text-align: justify;\">Die Preise f\u00fcr Einzel- und Gruppenunterricht finden sie auf der <a href=\"http:\/\/www.englisch-pur.de\/?page_id=126\" target=\"_blank\" rel=\"noopener\">Preisseite<\/a>.<\/p>\n","protected":false},"excerpt":{"rendered":"<p>Lehrbuch Wenn Sie die englische Sprache strukturiert erlernen m\u00f6chten, bietet es sich an, nach einem Lehrbuch vorzugehen. In meinen Unterrichten verwende ich &#8222;Headway English&#8220; vom Verlag Oxford University Press. Sie k\u00f6nnen mit dem Level A1 beginnen oder mit einem fortgeschrittenen &hellip; <a href=\"https:\/\/www.philipp-hayer.de\/englischpur\/?page_id=161\">Weiterlesen <span class=\"meta-nav\">&rarr;<\/span><\/a><\/p>\n","protected":false},"author":1,"featured_media":0,"parent":0,"menu_order":0,"comment_status":"closed","ping_status":"closed","template":"","meta":{"footnotes":""},"class_list":["post-161","page","type-page","status-publish","hentry"],"_links":{"self":[{"href":"https:\/\/www.philipp-hayer.de\/englischpur\/index.php?rest_route=\/wp\/v2\/pages\/161"}],"collection":[{"href":"https:\/\/www.philipp-hayer.de\/englischpur\/index.php?rest_route=\/wp\/v2\/pages"}],"about":[{"href":"https:\/\/www.philipp-hayer.de\/englischpur\/index.php?rest_route=\/wp\/v2\/types\/page"}],"author":[{"embeddable":true,"href":"https:\/\/www.philipp-hayer.de\/englischpur\/index.php?rest_route=\/wp\/v2\/users\/1"}],"replies":[{"embeddable":true,"href":"https:\/\/www.philipp-hayer.de\/englischpur\/index.php?rest_route=%2Fwp%2Fv2%2Fcomments&post=161"}],"version-history":[{"count":19,"href":"https:\/\/www.philipp-hayer.de\/englischpur\/index.php?rest_route=\/wp\/v2\/pages\/161\/revisions"}],"predecessor-version":[{"id":242,"href":"https:\/\/www.philipp-hayer.de\/englischpur\/index.php?rest_route=\/wp\/v2\/pages\/161\/revisions\/242"}],"wp:attachment":[{"href":"https:\/\/www.philipp-hayer.de\/englischpur\/index.php?rest_route=%2Fwp%2Fv2%2Fmedia&parent=161"}],"curies":[{"name":"wp","href":"https:\/\/api.w.org\/{rel}","templated":true}]}}