{"id":8,"date":"2015-02-09T22:11:47","date_gmt":"2015-02-09T21:11:47","guid":{"rendered":"http:\/\/www.philipp-hayer.de\/englischpur\/?page_id=8"},"modified":"2018-06-24T22:14:48","modified_gmt":"2018-06-24T20:14:48","slug":"impressum","status":"publish","type":"page","link":"https:\/\/www.philipp-hayer.de\/englischpur\/?page_id=8","title":{"rendered":"Impressum &#038; Datenschutz"},"content":{"rendered":"<p>Nicola Hayer<br \/>\nHopfenweg 11<br \/>\n85296 Rohrbach<br \/>\nTel.: +49 (0)8442-964265<br \/>\n<a href=\"mailto:teacher@englisch-pur.de\">teacher [at] englisch &#8211; pur [dot] de<\/a>.<\/p>\n<p>In ausgewiesenen Rechnungsbetr\u00e4gen ist gem. \u00a719 Abs. 1 UstG keine Umsatzsteuer enthalten.<br \/>\nSteuernummer: 154\/226\/30217<\/p>\n<h1>Datenschutz<\/h1>\n<div class=\"entry-content clearfix\">\n<p class=\"inherit\">Als Betreiber dieser Webseite und Anbieter von Dienstleistungen nehme ich den Schutz Ihrer pers\u00f6nlichen Daten sehr ernst. Ich behandle und verarbeite Ihre personenbezogenen Daten vertraulich und entsprechend der gesetzlichen Datenschutzvorschriften sowie dieser Datenschutzerkl\u00e4rung.\u00a0In diesen Datenschutzinformationen informiere ich Sie \u00fcber die wichtigsten Aspekte der Datenverarbeitung im Rahmen meiner Website und meiner T\u00e4tigkeit als Englisch Lehrerin.<\/p>\n<p class=\"inherit\">Die Nutzung der Webseite ist in der Regel ohne Angabe personenbezogener Daten m\u00f6glich. Soweit auf unseren Seiten personenbezogene Daten (beispielsweise Name, Anschrift oder E-Mail-Adressen) erhoben werden, erfolgt dies, soweit m\u00f6glich, stets auf freiwilliger Basis. Diese Daten werden ohne Ihre ausdr\u00fcckliche Zustimmung nicht an Dritte weitergegeben.<\/p>\n<p class=\"inherit\">Ich weise darauf hin, dass die Daten\u00fcbertragung im Internet (z.B. bei der Kommunikation per E-Mail) Sicherheitsl\u00fccken aufweisen kann. Ein l\u00fcckenloser Schutz der Daten vor dem Zugriff durch Dritte ist nicht m\u00f6glich.<\/p>\n<p>&nbsp;<\/p>\n<h2 class=\"inherit\">Server-Log-Files<\/h2>\n<p>Wenn Sie meine Webseite besuchen \u00fcbermittelt das Ger\u00e4t, mit dem Sie die Seite aufrufen, automatisch Log-Daten (Verbindungsdaten) an den Service Provider meiner Website (Strato AG). Log-Daten enthalten die IP-Adresse des Ger\u00e4tes, mit dem Sie auf die Website oder einen Dienst zugreifen, die Art des Browsers, mit dem Sie zugreifen, die Webseite, die Sie zuvor besucht haben, Ihre Systemkonfiguration sowie Datum und Zeitangaben.<\/p>\n<p>F\u00fcr Statistik Zwecke verwende ich zus\u00e4tzlich das WordPress Plugin &#8222;Statify&#8220;, welches keine personenbezogenen Daten speichert. Dazu hier ein Auszug aus der Statify Datenschutzerkl\u00e4rung:<\/p>\n<\/div>\n<div>\n<blockquote><p>Im direkten Vergleich mit Statistikdiensten wie <em>Google Analytics<\/em>, <em>WordPress.com Stats<\/em> und <em>Piwik<\/em> verarbeitet und speichert <em>Statify<\/em> keine personenbezogenen Daten wie IP-Adressen \u2013 <em>Statify<\/em> z\u00e4hlt Aufrufe, keine Besucher.<\/p>\n<p>V\u00f6llige Datenschutzkonformit\u00e4t gepaart mit transparenten Prozeduren: Eine in der lokalen WordPress-Installation angelegte Datenbank-Tabelle besteht aus nur 4 Feldern (ID, Datum, Herkunft, Ziel) und kann jederzeit durch den Administrator angezeigt, aufger\u00e4umt und geleert werden.<\/p><\/blockquote>\n<\/div>\n<div class=\"entry-content clearfix\">\n<h2>Cookies<\/h2>\n<p>Meine Website verwendet Cookies. Das sind kleine Textdateien, die es m\u00f6glich machen, auf dem Endger\u00e4t des Nutzers spezifische, auf den Nutzer bezogene Informationen zu speichern, w\u00e4hrend er die Website nutzt. Cookies erm\u00f6glichen es, insbesondere Nutzungsh\u00e4ufigkeit und Nutzeranzahl der Seiten zu ermitteln, Verhaltensweisen der Seitennutzung zu analysieren. Diese Cookies werden von mir derzeit nicht ausgewertet aber von WordPress automatisch gespeichert. Cookies bleiben \u00fcber das Ende einer Browser-Sitzung gespeichert und k\u00f6nnen bei einem erneuten Seitenbesuch wieder aufgerufen werden. Wenn Sie das nicht w\u00fcnschen, sollten Sie Ihren Internetbrowser so einstellen, dass er die Annahme von Cookies verweigert.<\/p>\n<h2>Umgang mit Kontaktdaten<\/h2>\n<p class=\"inherit\">Nehmen Sie mit mir mittels E-Mail Verbindung auf, werden Ihre Angaben gespeichert, damit auf diese zur Bearbeitung und Beantwortung Ihrer Anfrage zur\u00fcckgegriffen werden kann. Ohne Ihre Einwilligung werden diese Daten nicht an Dritte weitergegeben.<\/p>\n<p>&nbsp;<\/p>\n<h2>Erfassung von Daten f\u00fcr die Vertragsumsetzung<\/h2>\n<p>Im Rahmen der Umsetzung des Vertrages, erfasse ich folgende personenbezogenen Daten:<\/p>\n<p>Name, Anschrift, Telefon-\/Faxnummer und E-Mail Adresse.<\/p>\n<p>Ich ben\u00f6tige diese Daten unter anderem um eine ordentliche Rechnung ausstellen zu k\u00f6nnen und um Sie schnell kontaktieren zu k\u00f6nnen (z.B. bei Termin\u00e4nderungen). Ggf. nutze ich diese Daten um Sie \u00fcber Kurse und Angebote zu informieren.<\/p>\n<p>Sie k\u00f6nnen dieser Nutzung jederzeit widersprechen (s.u.), sofern dem nicht gesetzliche Aufbewarungspflichten (z.B. f\u00fcr Rechnungen) entgegensprechen.<\/p>\n<\/div>\n<div class=\"entry-content clearfix\">\n<h5><\/h5>\n<h2 class=\"inherit\">Auskunft, L\u00f6schung, Sperrung<\/h2>\n<p>Sie haben jederzeit das Recht auf unentgeltliche Auskunft \u00fcber Ihre gespeicherten personenbezogenen Daten, deren Herkunft und Empf\u00e4nger und den Zweck der Datenverarbeitung sowie ein Recht auf Berichtigung, Sperrung oder L\u00f6schung dieser Daten. Hierzu sowie zu weiteren Fragen zum Thema personenbezogene Daten k\u00f6nnen Sie sich jederzeit unter der hier angegebenen Adresse an mich wenden.<\/p>\n<\/div>\n<p>&nbsp;<\/p>\n<h1>Haftungsausschluss<\/h1>\n<h2>Verlinkte Inhalte:<\/h2>\n<p>Von dieser Webseite wird teilweise auf die Inhalte anderer Webseiten verwiesen. F\u00fcr alle Links zu anderen Seiten gilt: Ich habe keinen Einfluss auf deren Inhalte und distanziere mich hiermit ausdr\u00fccklich davon.<\/p>\n<h2><strong><img loading=\"lazy\" decoding=\"async\" class=\"alignright wp-image-172\" src=\"http:\/\/www.philipp-hayer.de\/englischpur\/wp-content\/uploads\/2016\/04\/Logo-300x136.png\" alt=\"Logo\" width=\"150\" height=\"68\" srcset=\"https:\/\/www.philipp-hayer.de\/englischpur\/wp-content\/uploads\/2016\/04\/Logo-300x136.png 300w, https:\/\/www.philipp-hayer.de\/englischpur\/wp-content\/uploads\/2016\/04\/Logo.png 401w\" sizes=\"(max-width: 150px) 100vw, 150px\" \/><\/strong>Disclaimer (English):<\/h2>\n<p>I do not take any responsibility for the content on linked websites or their privacy policies, because I have no influence on the content of these sites.<\/p>\n","protected":false},"excerpt":{"rendered":"<p>Nicola Hayer Hopfenweg 11 85296 Rohrbach Tel.: +49 (0)8442-964265 teacher [at] englisch &#8211; pur [dot] de. In ausgewiesenen Rechnungsbetr\u00e4gen ist gem. \u00a719 Abs. 1 UstG keine Umsatzsteuer enthalten. Steuernummer: 154\/226\/30217 Datenschutz Als Betreiber dieser Webseite und Anbieter von Dienstleistungen nehme &hellip; <a href=\"https:\/\/www.philipp-hayer.de\/englischpur\/?page_id=8\">Weiterlesen <span class=\"meta-nav\">&rarr;<\/span><\/a><\/p>\n","protected":false},"author":1,"featured_media":0,"parent":0,"menu_order":0,"comment_status":"closed","ping_status":"closed","template":"","meta":{"footnotes":""},"class_list":["post-8","page","type-page","status-publish","hentry"],"_links":{"self":[{"href":"https:\/\/www.philipp-hayer.de\/englischpur\/index.php?rest_route=\/wp\/v2\/pages\/8"}],"collection":[{"href":"https:\/\/www.philipp-hayer.de\/englischpur\/index.php?rest_route=\/wp\/v2\/pages"}],"about":[{"href":"https:\/\/www.philipp-hayer.de\/englischpur\/index.php?rest_route=\/wp\/v2\/types\/page"}],"author":[{"embeddable":true,"href":"https:\/\/www.philipp-hayer.de\/englischpur\/index.php?rest_route=\/wp\/v2\/users\/1"}],"replies":[{"embeddable":true,"href":"https:\/\/www.philipp-hayer.de\/englischpur\/index.php?rest_route=%2Fwp%2Fv2%2Fcomments&post=8"}],"version-history":[{"count":18,"href":"https:\/\/www.philipp-hayer.de\/englischpur\/index.php?rest_route=\/wp\/v2\/pages\/8\/revisions"}],"predecessor-version":[{"id":240,"href":"https:\/\/www.philipp-hayer.de\/englischpur\/index.php?rest_route=\/wp\/v2\/pages\/8\/revisions\/240"}],"wp:attachment":[{"href":"https:\/\/www.philipp-hayer.de\/englischpur\/index.php?rest_route=%2Fwp%2Fv2%2Fmedia&parent=8"}],"curies":[{"name":"wp","href":"https:\/\/api.w.org\/{rel}","templated":true}]}}